{"id":2,"date":"2023-09-26T10:04:51","date_gmt":"2023-09-26T10:04:51","guid":{"rendered":"https:\/\/www.chezloetli.be\/?page_id=2"},"modified":"2025-03-18T10:29:52","modified_gmt":"2025-03-18T10:29:52","slug":"sample-page","status":"publish","type":"page","link":"https:\/\/www.chezloetli.be\/index.php\/sample-page\/","title":{"rendered":"Nos distributeurs"},"content":{"rendered":"\n<div class=\"alignnormal\"><div id=\"metaslider-id-238\" style=\"width: 100%;\" class=\"ml-slider-3-102-0 metaslider metaslider-flex metaslider-238 ml-slider ms-theme-default nav-hidden\" role=\"region\" aria-label=\"Nouveau diaporama\" data-height=\"300\" data-width=\"700\">\n    <div id=\"metaslider_container_238\">\n        <div id=\"metaslider_238\">\n            <ul class='slides'>\n                <li style=\"display: block; width: 100%;\" class=\"slide-242 ms-image \" aria-roledescription=\"slide\" data-date=\"2023-10-13 14:36:13\" data-slide-type=\"image\"><img loading=\"lazy\" decoding=\"async\" src=\"https:\/\/www.chezloetli.be\/wp-content\/uploads\/2024\/08\/455354380_1183250652721081_4314062080625012754_n-700x300.jpg\" height=\"300\" width=\"700\" alt=\"\" class=\"slider-238 slide-242 msDefaultImage\" title=\"455354380_1183250652721081_4314062080625012754_n\" \/><\/li>\n                <li style=\"display: none; width: 100%;\" class=\"slide-243 ms-image \" aria-roledescription=\"slide\" data-date=\"2023-10-13 14:36:48\" data-slide-type=\"image\"><img loading=\"lazy\" decoding=\"async\" src=\"https:\/\/www.chezloetli.be\/wp-content\/uploads\/2024\/08\/image-1-700x300.png\" height=\"300\" width=\"700\" alt=\"\" class=\"slider-238 slide-243 msDefaultImage\" title=\"image\" \/><\/li>\n                <li style=\"display: none; width: 100%;\" class=\"slide-244 ms-image \" aria-roledescription=\"slide\" data-date=\"2023-10-13 14:36:48\" data-slide-type=\"image\"><img loading=\"lazy\" decoding=\"async\" src=\"https:\/\/www.chezloetli.be\/wp-content\/uploads\/2024\/08\/455420822_538986895382776_6754106710191854618_n-700x300.jpg\" height=\"300\" width=\"700\" alt=\"\" class=\"slider-238 slide-244 msDefaultImage\" title=\"455420822_538986895382776_6754106710191854618_n\" \/><\/li>\n                <li style=\"display: none; width: 100%;\" class=\"slide-245 ms-image \" aria-roledescription=\"slide\" data-date=\"2023-10-13 14:36:48\" data-slide-type=\"image\"><img loading=\"lazy\" decoding=\"async\" src=\"https:\/\/www.chezloetli.be\/wp-content\/uploads\/2024\/08\/bowls-700x300.jpg\" height=\"300\" width=\"700\" alt=\"\" class=\"slider-238 slide-245 msDefaultImage\" title=\"bowls\" \/><\/li>\n                <li style=\"display: none; width: 100%;\" class=\"slide-441 ms-image \" aria-roledescription=\"slide\" data-date=\"2024-08-22 10:49:50\" data-slide-type=\"image\"><img loading=\"lazy\" decoding=\"async\" src=\"https:\/\/www.chezloetli.be\/wp-content\/uploads\/2024\/08\/456144833_492639233513059_4666812848270576834_n-700x300.jpg\" height=\"300\" width=\"700\" alt=\"\" class=\"slider-238 slide-441 msDefaultImage\" title=\"456144833_492639233513059_4666812848270576834_n\" \/><\/li>\n                <li style=\"display: none; width: 100%;\" class=\"slide-444 ms-image \" aria-roledescription=\"slide\" data-date=\"2024-08-22 10:56:55\" data-slide-type=\"image\"><img loading=\"lazy\" decoding=\"async\" src=\"https:\/\/www.chezloetli.be\/wp-content\/uploads\/2024\/08\/unnamed-700x300.jpg\" height=\"300\" width=\"700\" alt=\"\" class=\"slider-238 slide-444 msDefaultImage\" title=\"unnamed\" \/><\/li>\n            <\/ul>\n        <\/div>\n        \n    <\/div>\n<\/div><\/div>\n\n\n\n<div class=\"wp-block-group\"><div class=\"wp-block-group__inner-container is-layout-constrained wp-block-group-is-layout-constrained\">\n<div class=\"wp-block-buttons is-layout-flex wp-block-buttons-is-layout-flex\"><\/div>\n<\/div><\/div>\n\n\n\n<h2 class=\"wp-block-heading\">Nos Pains<\/h2>\n\n\n\n<div class=\"wp-block-media-text alignwide has-media-on-the-right is-stacked-on-mobile is-vertically-aligned-center has-background\" style=\"background-color:#f1f5c7\"><div class=\"wp-block-media-text__content\">\n<div class=\"wp-block-group\" style=\"padding-top:2em;padding-right:2em;padding-bottom:2em;padding-left:2em\"><div class=\"wp-block-group__inner-container is-layout-flow wp-block-group-is-layout-flow\">\n<ul class=\"wp-block-list has-normal-font-size\">\n<li>En provenance de chez Campagne boulangerie pour le pain multi et  Les Mimis p\u00e2tisserie d&rsquo;Etalle<\/li>\n\n\n\n<li>Pain blanc <\/li>\n\n\n\n<li>Pain gris <\/li>\n\n\n\n<li>Craquelin<\/li>\n<\/ul>\n\n\n\n<p>Dor\u00e9navant pains et autres sur r\u00e9servation&#8230;<\/p>\n<\/div><\/div>\n<\/div><figure class=\"wp-block-media-text__media\"><img loading=\"lazy\" decoding=\"async\" width=\"1024\" height=\"1024\" src=\"https:\/\/www.chezloetli.be\/wp-content\/uploads\/2023\/10\/recette-pain-de-campagne-20200603_201946-01-scaled-1-1024x1024.jpeg\" alt=\"\" class=\"wp-image-175 size-full\" srcset=\"https:\/\/www.chezloetli.be\/wp-content\/uploads\/2023\/10\/recette-pain-de-campagne-20200603_201946-01-scaled-1-1024x1024.jpeg 1024w, https:\/\/www.chezloetli.be\/wp-content\/uploads\/2023\/10\/recette-pain-de-campagne-20200603_201946-01-scaled-1-300x300.jpeg 300w, https:\/\/www.chezloetli.be\/wp-content\/uploads\/2023\/10\/recette-pain-de-campagne-20200603_201946-01-scaled-1-150x150.jpeg 150w, https:\/\/www.chezloetli.be\/wp-content\/uploads\/2023\/10\/recette-pain-de-campagne-20200603_201946-01-scaled-1-768x767.jpeg 768w, https:\/\/www.chezloetli.be\/wp-content\/uploads\/2023\/10\/recette-pain-de-campagne-20200603_201946-01-scaled-1-1536x1534.jpeg 1536w, https:\/\/www.chezloetli.be\/wp-content\/uploads\/2023\/10\/recette-pain-de-campagne-20200603_201946-01-scaled-1-2048x2046.jpeg 2048w, https:\/\/www.chezloetli.be\/wp-content\/uploads\/2023\/10\/recette-pain-de-campagne-20200603_201946-01-scaled-1-100x100.jpeg 100w\" sizes=\"auto, (max-width: 1024px) 100vw, 1024px\" \/><\/figure><\/div>\n\n\n\n<h2 class=\"wp-block-heading\">Nos Plats Pr\u00e9par\u00e9s<\/h2>\n\n\n\n<div class=\"wp-block-media-text alignwide is-stacked-on-mobile is-vertically-aligned-center has-background\" style=\"background-color:#fffdea;grid-template-columns:52% auto\"><figure class=\"wp-block-media-text__media\"><img loading=\"lazy\" decoding=\"async\" width=\"843\" height=\"556\" src=\"https:\/\/www.chezloetli.be\/wp-content\/uploads\/2024\/03\/plats-thai.jpg\" alt=\"\" class=\"wp-image-320 size-full\" srcset=\"https:\/\/www.chezloetli.be\/wp-content\/uploads\/2024\/03\/plats-thai.jpg 843w, https:\/\/www.chezloetli.be\/wp-content\/uploads\/2024\/03\/plats-thai-300x198.jpg 300w, https:\/\/www.chezloetli.be\/wp-content\/uploads\/2024\/03\/plats-thai-768x507.jpg 768w\" sizes=\"auto, (max-width: 843px) 100vw, 843px\" \/><\/figure><div class=\"wp-block-media-text__content\">\n<div class=\"wp-block-group\" style=\"padding-top:2em;padding-right:2em;padding-bottom:2em;padding-left:2em\"><div class=\"wp-block-group__inner-container is-layout-flow wp-block-group-is-layout-flow\">\n<ul class=\"wp-block-list has-normal-font-size\">\n<li>Boulettes<\/li>\n\n\n\n<li>Lasagnes<\/li>\n\n\n\n<li>p\u00e2tes<\/li>\n\n\n\n<li>Potages<\/li>\n\n\n\n<li>Tous les lundis et jeudis plats Tha\u00ef en collaboration avec le restaurant https:\/\/www.janthai.be\/<\/li>\n\n\n\n<li>Poke bowls &amp; sushis<\/li>\n\n\n\n<li>Desserts maison &amp; selon les collaborations avec les partenaires<\/li>\n<\/ul>\n\n\n\n<p class=\"has-extra-small-font-size\"><img loading=\"lazy\" decoding=\"async\" width=\"200\" height=\"201\" class=\"wp-image-321\" style=\"width: 200px;\" src=\"https:\/\/www.chezloetli.be\/wp-content\/uploads\/2024\/03\/2024-03-13_10h45_08.png\" alt=\"\" srcset=\"https:\/\/www.chezloetli.be\/wp-content\/uploads\/2024\/03\/2024-03-13_10h45_08.png 607w, https:\/\/www.chezloetli.be\/wp-content\/uploads\/2024\/03\/2024-03-13_10h45_08-300x300.png 300w, https:\/\/www.chezloetli.be\/wp-content\/uploads\/2024\/03\/2024-03-13_10h45_08-150x150.png 150w, https:\/\/www.chezloetli.be\/wp-content\/uploads\/2024\/03\/2024-03-13_10h45_08-100x100.png 100w\" sizes=\"auto, (max-width: 200px) 100vw, 200px\" \/><\/p>\n<\/div><\/div>\n<\/div><\/div>\n\n\n\n<h2 class=\"wp-block-heading\">Nos Produits Locaux<\/h2>\n\n\n\n<p><\/p>\n\n\n\n<div class=\"wp-block-media-text alignwide has-media-on-the-right has-background\" style=\"background-color:#f1f5c7;grid-template-columns:auto 44%\"><div class=\"wp-block-media-text__content\">\n<div class=\"wp-block-group\" style=\"padding-top:2em;padding-right:2em;padding-bottom:2em;padding-left:2em\"><div class=\"wp-block-group__inner-container is-layout-flow wp-block-group-is-layout-flow\">\n<ul class=\"wp-block-list has-normal-font-size\">\n<li>Fromages &#8211; Lait<\/li>\n\n\n\n<li>Boissons fra\u00eeches<\/li>\n\n\n\n<li>Bi\u00e8res de la brasserie des Tr\u00e9vires et de la Brassine de Bellefontaine, vins du Poirier du Loup \u00e0 Torgny ainsi que de chez EVN Doncols <strong><mark style=\"background-color:rgba(0, 0, 0, 0)\" class=\"has-inline-color has-vivid-red-color\">\/!\\ Alcool plus disponible dans les distributeurs uniquement dans le d\u00f4me ou sur commande \/!\\<\/mark><\/strong><\/li>\n\n\n\n<li>Produits ap\u00e9ritifs (Tapenades et autre de la bo\u00eete \u00e0 d\u00e9lice de Bellefontaine)<\/li>\n\n\n\n<li>Gel\u00e9es et cr\u00e8mes du jardin des enchanteurs de Chenois &#8211; Jean No\u00ebl Wagner<\/li>\n\n\n\n<li>Miel de Bellefontaine<\/li>\n\n\n\n<li>Kombucha &#8211; https:\/\/chrisbeerconsulting.sumupstore.com\/?fbclid=IwY2xjawEz-TNleHRuA2FlbQIxMAABHYKEzkRwNtnFVqaNU2O7V7sISMVHJQeBj1TWk2aDgFF60_A-nD5NhECG1Q_aem_l_aTMZkix4TLFHTod_6wbw<\/li>\n<\/ul>\n\n\n\n<p><\/p>\n<\/div><\/div>\n<\/div><figure class=\"wp-block-media-text__media\"><img loading=\"lazy\" decoding=\"async\" width=\"460\" height=\"316\" src=\"https:\/\/www.chezloetli.be\/wp-content\/uploads\/2023\/10\/locaux-1.png\" alt=\"\" class=\"wp-image-179 size-full\" srcset=\"https:\/\/www.chezloetli.be\/wp-content\/uploads\/2023\/10\/locaux-1.png 460w, https:\/\/www.chezloetli.be\/wp-content\/uploads\/2023\/10\/locaux-1-300x206.png 300w\" sizes=\"auto, (max-width: 460px) 100vw, 460px\" \/><\/figure><\/div>\n\n\n\n<figure class=\"wp-block-image size-large\"><img loading=\"lazy\" decoding=\"async\" width=\"1024\" height=\"82\" src=\"https:\/\/www.chezloetli.be\/wp-content\/uploads\/2024\/08\/2024-04-12_10h59_54-1024x82.png\" alt=\"\" class=\"wp-image-442\" srcset=\"https:\/\/www.chezloetli.be\/wp-content\/uploads\/2024\/08\/2024-04-12_10h59_54-1024x82.png 1024w, https:\/\/www.chezloetli.be\/wp-content\/uploads\/2024\/08\/2024-04-12_10h59_54-300x24.png 300w, https:\/\/www.chezloetli.be\/wp-content\/uploads\/2024\/08\/2024-04-12_10h59_54-768x62.png 768w, https:\/\/www.chezloetli.be\/wp-content\/uploads\/2024\/08\/2024-04-12_10h59_54-1536x124.png 1536w, https:\/\/www.chezloetli.be\/wp-content\/uploads\/2024\/08\/2024-04-12_10h59_54.png 1976w\" sizes=\"auto, (max-width: 1024px) 100vw, 1024px\" \/><\/figure>\n\n\n\n<p><\/p>\n","protected":false},"excerpt":{"rendered":"<p>Nos Pains Nos Plats Pr\u00e9par\u00e9s Nos Produits Locaux<\/p>\n","protected":false},"author":1,"featured_media":0,"parent":0,"menu_order":0,"comment_status":"closed","ping_status":"open","template":"","meta":{"footnotes":""},"class_list":["post-2","page","type-page","status-publish","hentry"],"yoast_head":"<!-- This site is optimized with the Yoast SEO plugin v26.2 - https:\/\/yoast.com\/wordpress\/plugins\/seo\/ -->\n<title>Nos distributeurs - Chez Lo et Li<\/title>\n<meta name=\"robots\" content=\"index, follow, max-snippet:-1, max-image-preview:large, max-video-preview:-1\" \/>\n<link rel=\"canonical\" href=\"https:\/\/www.chezloetli.be\/index.php\/sample-page\/\" \/>\n<meta property=\"og:locale\" content=\"fr_FR\" \/>\n<meta property=\"og:type\" content=\"article\" \/>\n<meta property=\"og:title\" content=\"Nos distributeurs - Chez Lo et Li\" \/>\n<meta property=\"og:description\" content=\"Nos Pains Nos Plats Pr\u00e9par\u00e9s Nos Produits Locaux\" \/>\n<meta property=\"og:url\" content=\"https:\/\/www.chezloetli.be\/index.php\/sample-page\/\" \/>\n<meta property=\"og:site_name\" content=\"Chez Lo et Li\" \/>\n<meta property=\"article:publisher\" content=\"https:\/\/www.facebook.com\/profile.php?id=100090199385660&amp;locale=fr_FR\" \/>\n<meta property=\"article:modified_time\" content=\"2025-03-18T10:29:52+00:00\" \/>\n<meta property=\"og:image\" content=\"https:\/\/www.chezloetli.be\/wp-content\/uploads\/2023\/10\/recette-pain-de-campagne-20200603_201946-01-scaled-1-1024x1024.jpeg\" \/>\n<meta name=\"twitter:card\" content=\"summary_large_image\" \/>\n<meta name=\"twitter:label1\" content=\"Dur\u00e9e de lecture estim\u00e9e\" \/>\n\t<meta name=\"twitter:data1\" content=\"2 minutes\" \/>\n<script type=\"application\/ld+json\" class=\"yoast-schema-graph\">{\"@context\":\"https:\/\/schema.org\",\"@graph\":[{\"@type\":\"WebPage\",\"@id\":\"https:\/\/www.chezloetli.be\/index.php\/sample-page\/\",\"url\":\"https:\/\/www.chezloetli.be\/index.php\/sample-page\/\",\"name\":\"Nos distributeurs - Chez Lo et Li\",\"isPartOf\":{\"@id\":\"https:\/\/www.chezloetli.be\/#website\"},\"primaryImageOfPage\":{\"@id\":\"https:\/\/www.chezloetli.be\/index.php\/sample-page\/#primaryimage\"},\"image\":{\"@id\":\"https:\/\/www.chezloetli.be\/index.php\/sample-page\/#primaryimage\"},\"thumbnailUrl\":\"https:\/\/www.chezloetli.be\/wp-content\/uploads\/2023\/10\/recette-pain-de-campagne-20200603_201946-01-scaled-1-1024x1024.jpeg\",\"datePublished\":\"2023-09-26T10:04:51+00:00\",\"dateModified\":\"2025-03-18T10:29:52+00:00\",\"breadcrumb\":{\"@id\":\"https:\/\/www.chezloetli.be\/index.php\/sample-page\/#breadcrumb\"},\"inLanguage\":\"fr-FR\",\"potentialAction\":[{\"@type\":\"ReadAction\",\"target\":[\"https:\/\/www.chezloetli.be\/index.php\/sample-page\/\"]}]},{\"@type\":\"ImageObject\",\"inLanguage\":\"fr-FR\",\"@id\":\"https:\/\/www.chezloetli.be\/index.php\/sample-page\/#primaryimage\",\"url\":\"https:\/\/www.chezloetli.be\/wp-content\/uploads\/2023\/10\/recette-pain-de-campagne-20200603_201946-01-scaled-1.jpeg\",\"contentUrl\":\"https:\/\/www.chezloetli.be\/wp-content\/uploads\/2023\/10\/recette-pain-de-campagne-20200603_201946-01-scaled-1.jpeg\",\"width\":2560,\"height\":2557},{\"@type\":\"BreadcrumbList\",\"@id\":\"https:\/\/www.chezloetli.be\/index.php\/sample-page\/#breadcrumb\",\"itemListElement\":[{\"@type\":\"ListItem\",\"position\":1,\"name\":\"Accueil\",\"item\":\"https:\/\/www.chezloetli.be\/\"},{\"@type\":\"ListItem\",\"position\":2,\"name\":\"Nos distributeurs\"}]},{\"@type\":\"WebSite\",\"@id\":\"https:\/\/www.chezloetli.be\/#website\",\"url\":\"https:\/\/www.chezloetli.be\/\",\"name\":\"Chez Lo et Li\",\"description\":\"Quand la nature vous propose ses produits locaux\",\"publisher\":{\"@id\":\"https:\/\/www.chezloetli.be\/#organization\"},\"potentialAction\":[{\"@type\":\"SearchAction\",\"target\":{\"@type\":\"EntryPoint\",\"urlTemplate\":\"https:\/\/www.chezloetli.be\/?s={search_term_string}\"},\"query-input\":{\"@type\":\"PropertyValueSpecification\",\"valueRequired\":true,\"valueName\":\"search_term_string\"}}],\"inLanguage\":\"fr-FR\"},{\"@type\":\"Organization\",\"@id\":\"https:\/\/www.chezloetli.be\/#organization\",\"name\":\"Chez Lo et Li\",\"url\":\"https:\/\/www.chezloetli.be\/\",\"logo\":{\"@type\":\"ImageObject\",\"inLanguage\":\"fr-FR\",\"@id\":\"https:\/\/www.chezloetli.be\/#\/schema\/logo\/image\/\",\"url\":\"https:\/\/www.chezloetli.be\/wp-content\/uploads\/2023\/10\/cropped-Chez-Lo-et-Li-Logo-Fond-blanc-VECT-1.png\",\"contentUrl\":\"https:\/\/www.chezloetli.be\/wp-content\/uploads\/2023\/10\/cropped-Chez-Lo-et-Li-Logo-Fond-blanc-VECT-1.png\",\"width\":448,\"height\":250,\"caption\":\"Chez Lo et Li\"},\"image\":{\"@id\":\"https:\/\/www.chezloetli.be\/#\/schema\/logo\/image\/\"},\"sameAs\":[\"https:\/\/www.facebook.com\/profile.php?id=100090199385660&locale=fr_FR\"]}]}<\/script>\n<!-- \/ Yoast SEO plugin. -->","yoast_head_json":{"title":"Nos distributeurs - Chez Lo et Li","robots":{"index":"index","follow":"follow","max-snippet":"max-snippet:-1","max-image-preview":"max-image-preview:large","max-video-preview":"max-video-preview:-1"},"canonical":"https:\/\/www.chezloetli.be\/index.php\/sample-page\/","og_locale":"fr_FR","og_type":"article","og_title":"Nos distributeurs - Chez Lo et Li","og_description":"Nos Pains Nos Plats Pr\u00e9par\u00e9s Nos Produits Locaux","og_url":"https:\/\/www.chezloetli.be\/index.php\/sample-page\/","og_site_name":"Chez Lo et Li","article_publisher":"https:\/\/www.facebook.com\/profile.php?id=100090199385660&locale=fr_FR","article_modified_time":"2025-03-18T10:29:52+00:00","og_image":[{"url":"https:\/\/www.chezloetli.be\/wp-content\/uploads\/2023\/10\/recette-pain-de-campagne-20200603_201946-01-scaled-1-1024x1024.jpeg","type":"","width":"","height":""}],"twitter_card":"summary_large_image","twitter_misc":{"Dur\u00e9e de lecture estim\u00e9e":"2 minutes"},"schema":{"@context":"https:\/\/schema.org","@graph":[{"@type":"WebPage","@id":"https:\/\/www.chezloetli.be\/index.php\/sample-page\/","url":"https:\/\/www.chezloetli.be\/index.php\/sample-page\/","name":"Nos distributeurs - Chez Lo et Li","isPartOf":{"@id":"https:\/\/www.chezloetli.be\/#website"},"primaryImageOfPage":{"@id":"https:\/\/www.chezloetli.be\/index.php\/sample-page\/#primaryimage"},"image":{"@id":"https:\/\/www.chezloetli.be\/index.php\/sample-page\/#primaryimage"},"thumbnailUrl":"https:\/\/www.chezloetli.be\/wp-content\/uploads\/2023\/10\/recette-pain-de-campagne-20200603_201946-01-scaled-1-1024x1024.jpeg","datePublished":"2023-09-26T10:04:51+00:00","dateModified":"2025-03-18T10:29:52+00:00","breadcrumb":{"@id":"https:\/\/www.chezloetli.be\/index.php\/sample-page\/#breadcrumb"},"inLanguage":"fr-FR","potentialAction":[{"@type":"ReadAction","target":["https:\/\/www.chezloetli.be\/index.php\/sample-page\/"]}]},{"@type":"ImageObject","inLanguage":"fr-FR","@id":"https:\/\/www.chezloetli.be\/index.php\/sample-page\/#primaryimage","url":"https:\/\/www.chezloetli.be\/wp-content\/uploads\/2023\/10\/recette-pain-de-campagne-20200603_201946-01-scaled-1.jpeg","contentUrl":"https:\/\/www.chezloetli.be\/wp-content\/uploads\/2023\/10\/recette-pain-de-campagne-20200603_201946-01-scaled-1.jpeg","width":2560,"height":2557},{"@type":"BreadcrumbList","@id":"https:\/\/www.chezloetli.be\/index.php\/sample-page\/#breadcrumb","itemListElement":[{"@type":"ListItem","position":1,"name":"Accueil","item":"https:\/\/www.chezloetli.be\/"},{"@type":"ListItem","position":2,"name":"Nos distributeurs"}]},{"@type":"WebSite","@id":"https:\/\/www.chezloetli.be\/#website","url":"https:\/\/www.chezloetli.be\/","name":"Chez Lo et Li","description":"Quand la nature vous propose ses produits locaux","publisher":{"@id":"https:\/\/www.chezloetli.be\/#organization"},"potentialAction":[{"@type":"SearchAction","target":{"@type":"EntryPoint","urlTemplate":"https:\/\/www.chezloetli.be\/?s={search_term_string}"},"query-input":{"@type":"PropertyValueSpecification","valueRequired":true,"valueName":"search_term_string"}}],"inLanguage":"fr-FR"},{"@type":"Organization","@id":"https:\/\/www.chezloetli.be\/#organization","name":"Chez Lo et Li","url":"https:\/\/www.chezloetli.be\/","logo":{"@type":"ImageObject","inLanguage":"fr-FR","@id":"https:\/\/www.chezloetli.be\/#\/schema\/logo\/image\/","url":"https:\/\/www.chezloetli.be\/wp-content\/uploads\/2023\/10\/cropped-Chez-Lo-et-Li-Logo-Fond-blanc-VECT-1.png","contentUrl":"https:\/\/www.chezloetli.be\/wp-content\/uploads\/2023\/10\/cropped-Chez-Lo-et-Li-Logo-Fond-blanc-VECT-1.png","width":448,"height":250,"caption":"Chez Lo et Li"},"image":{"@id":"https:\/\/www.chezloetli.be\/#\/schema\/logo\/image\/"},"sameAs":["https:\/\/www.facebook.com\/profile.php?id=100090199385660&locale=fr_FR"]}]}},"_links":{"self":[{"href":"https:\/\/www.chezloetli.be\/index.php\/wp-json\/wp\/v2\/pages\/2","targetHints":{"allow":["GET"]}}],"collection":[{"href":"https:\/\/www.chezloetli.be\/index.php\/wp-json\/wp\/v2\/pages"}],"about":[{"href":"https:\/\/www.chezloetli.be\/index.php\/wp-json\/wp\/v2\/types\/page"}],"author":[{"embeddable":true,"href":"https:\/\/www.chezloetli.be\/index.php\/wp-json\/wp\/v2\/users\/1"}],"replies":[{"embeddable":true,"href":"https:\/\/www.chezloetli.be\/index.php\/wp-json\/wp\/v2\/comments?post=2"}],"version-history":[{"count":24,"href":"https:\/\/www.chezloetli.be\/index.php\/wp-json\/wp\/v2\/pages\/2\/revisions"}],"predecessor-version":[{"id":502,"href":"https:\/\/www.chezloetli.be\/index.php\/wp-json\/wp\/v2\/pages\/2\/revisions\/502"}],"wp:attachment":[{"href":"https:\/\/www.chezloetli.be\/index.php\/wp-json\/wp\/v2\/media?parent=2"}],"curies":[{"name":"wp","href":"https:\/\/api.w.org\/{rel}","templated":true}]}}