{"id":7,"date":"2023-09-26T10:46:05","date_gmt":"2023-09-26T10:46:05","guid":{"rendered":"https:\/\/www.chezloetli.be\/index.php\/home\/"},"modified":"2024-08-22T10:36:24","modified_gmt":"2024-08-22T10:36:24","slug":"home","status":"publish","type":"page","link":"https:\/\/www.chezloetli.be\/","title":{"rendered":"Home"},"content":{"rendered":"\n<blockquote class=\"wp-block-quote is-layout-flow wp-block-quote-is-layout-flow\">\n<p><\/p>\n<\/blockquote>\n\n\n\n<div class=\"wp-block-columns is-layout-flex wp-container-core-columns-is-layout-9d6595d7 wp-block-columns-is-layout-flex\">\n<div class=\"wp-block-column is-layout-flow wp-block-column-is-layout-flow\">\n<figure class=\"wp-block-image size-large\"><img loading=\"lazy\" decoding=\"async\" width=\"768\" height=\"1024\" src=\"https:\/\/www.chezloetli.be\/wp-content\/uploads\/2023\/10\/terrasse-1-768x1024.png\" alt=\"les campagnes a perte de vue, pour une nuit hors du temps\" class=\"wp-image-127\" srcset=\"https:\/\/www.chezloetli.be\/wp-content\/uploads\/2023\/10\/terrasse-1-768x1024.png 768w, https:\/\/www.chezloetli.be\/wp-content\/uploads\/2023\/10\/terrasse-1-225x300.png 225w, https:\/\/www.chezloetli.be\/wp-content\/uploads\/2023\/10\/terrasse-1-1152x1536.png 1152w, https:\/\/www.chezloetli.be\/wp-content\/uploads\/2023\/10\/terrasse-1-1536x2048.png 1536w\" sizes=\"auto, (max-width: 768px) 100vw, 768px\" \/><\/figure>\n\n\n\n<p><\/p>\n\n\n\n<p><\/p>\n\n\n\n<h2 class=\"wp-block-heading has-black-color has-text-color\" style=\"font-size:45px\"><\/h2>\n\n\n\n<p style=\"line-height:3\"><\/p>\n<\/div>\n\n\n\n<div class=\"wp-block-column is-layout-flow wp-block-column-is-layout-flow\">\n<h2 class=\"wp-block-heading has-black-color has-text-color\" style=\"font-size:36px\">Chez Lo et Li<\/h2>\n\n\n\n<p class=\"has-black-color has-text-color\" style=\"line-height:1.8\">Vous n&rsquo;avez pas envie de cuisiner ou vous avez tout simplement envie d&rsquo;une pause sucr\u00e9e, un cadeau en derni\u00e8re minute ou un produit qui vous manque \u00e0 la maison. Nous avons LA solution!!!<\/p>\n\n\n\n<p><\/p>\n\n\n\n<p><\/p>\n\n\n\n<figure class=\"wp-block-gallery has-nested-images columns-default is-cropped wp-block-gallery-1 is-layout-flex wp-block-gallery-is-layout-flex\">\n<figure class=\"wp-block-image size-large\"><img loading=\"lazy\" decoding=\"async\" width=\"768\" height=\"1024\" data-id=\"71\" src=\"https:\/\/www.chezloetli.be\/wp-content\/uploads\/2023\/09\/384137652_330812276274292_6095018091181232289_n-768x1024.jpg\" alt=\"Dans la commune de Poncelle \" class=\"wp-image-71\" srcset=\"https:\/\/www.chezloetli.be\/wp-content\/uploads\/2023\/09\/384137652_330812276274292_6095018091181232289_n-768x1024.jpg 768w, https:\/\/www.chezloetli.be\/wp-content\/uploads\/2023\/09\/384137652_330812276274292_6095018091181232289_n-225x300.jpg 225w, https:\/\/www.chezloetli.be\/wp-content\/uploads\/2023\/09\/384137652_330812276274292_6095018091181232289_n-1152x1536.jpg 1152w, https:\/\/www.chezloetli.be\/wp-content\/uploads\/2023\/09\/384137652_330812276274292_6095018091181232289_n.jpg 1536w\" sizes=\"auto, (max-width: 768px) 100vw, 768px\" \/><\/figure>\n<\/figure>\n\n\n\n<p><\/p>\n<\/div>\n<\/div>\n\n\n\n<div class=\"wp-block-columns is-layout-flex wp-container-core-columns-is-layout-9d6595d7 wp-block-columns-is-layout-flex\">\n<div class=\"wp-block-column is-layout-flow wp-block-column-is-layout-flow\">\n<p>Depuis mi-octobre 2023 \u00e0  Poncelle, deux distributeurs alimentaires  dont unique en Gaume des plats Tha\u00ef et un de produits non p\u00e9rissables sont install\u00e9s \u00e0 l&rsquo;entr\u00e9e du village, sur le site de la ferme. (Rue du Plane, premi\u00e8re ferme \u00e0 gauche lorsque vous venez de la scierie)<\/p>\n\n\n\n<p>Des plats pr\u00e9par\u00e9s, des salades, des desserts, des boissons et toute une gamme de produits seront disponibles dans nos distributeurs.<\/p>\n\n\n\n<p>Paiement en cash ou par carte bancaire pour les distributeurs.<\/p>\n\n\n\n<p><\/p>\n\n\n\n<figure class=\"wp-block-gallery has-nested-images columns-default is-cropped wp-block-gallery-2 is-layout-flex wp-block-gallery-is-layout-flex\">\n<figure class=\"wp-block-image size-large is-style-default\"><img loading=\"lazy\" decoding=\"async\" width=\"1024\" height=\"768\" data-id=\"409\" src=\"https:\/\/www.chezloetli.be\/wp-content\/uploads\/2024\/08\/456355789_440172479010689_5623204564956143673_n-1024x768.jpg\" alt=\"\" class=\"wp-image-409\" srcset=\"https:\/\/www.chezloetli.be\/wp-content\/uploads\/2024\/08\/456355789_440172479010689_5623204564956143673_n-1024x768.jpg 1024w, https:\/\/www.chezloetli.be\/wp-content\/uploads\/2024\/08\/456355789_440172479010689_5623204564956143673_n-300x225.jpg 300w, https:\/\/www.chezloetli.be\/wp-content\/uploads\/2024\/08\/456355789_440172479010689_5623204564956143673_n-768x576.jpg 768w, https:\/\/www.chezloetli.be\/wp-content\/uploads\/2024\/08\/456355789_440172479010689_5623204564956143673_n-1536x1152.jpg 1536w, https:\/\/www.chezloetli.be\/wp-content\/uploads\/2024\/08\/456355789_440172479010689_5623204564956143673_n.jpg 2048w\" sizes=\"auto, (max-width: 1024px) 100vw, 1024px\" \/><\/figure>\n<\/figure>\n\n\n\n<p>La possibilit\u00e9 de loger dans un lieu totalement insolite un d\u00f4me au bonheur de toutes et tous, qu&rsquo;on se le dise. En f\u00e9vrier 2024, nous avons mis en place ce logement totalement insolite et tout confort.<\/p>\n\n\n\n<p>Et \u00e9galement en pr\u00e9paration, l&rsquo;id\u00e9e du chef \ud83d\ude00 vous aurez l&rsquo;occasion de pouvoir dormir dans une b\u00e9taill\u00e8re totalement faite au go\u00fbt du propri\u00e9taire des lieux afin d&rsquo;\u00eatre carr\u00e9ment dans le th\u00e8me.<\/p>\n\n\n\n<p class=\"has-text-align-right\">Suivez nous aussi sur les r\u00e9seaux sociaux <\/p>\n<\/div>\n<\/div>\n\n\n\n<ul class=\"wp-block-social-links is-style-logos-only is-content-justification-right is-layout-flex wp-container-core-social-links-is-layout-765c4724 wp-block-social-links-is-layout-flex\"><li class=\"wp-social-link wp-social-link-facebook  wp-block-social-link\"><a rel=\"noopener nofollow\" target=\"_blank\" href=\"https:\/\/www.facebook.com\/profile.php?id=100090199385660\" class=\"wp-block-social-link-anchor\"><svg width=\"24\" height=\"24\" viewBox=\"0 0 24 24\" version=\"1.1\" xmlns=\"http:\/\/www.w3.org\/2000\/svg\" aria-hidden=\"true\" focusable=\"false\"><path d=\"M12 2C6.5 2 2 6.5 2 12c0 5 3.7 9.1 8.4 9.9v-7H7.9V12h2.5V9.8c0-2.5 1.5-3.9 3.8-3.9 1.1 0 2.2.2 2.2.2v2.5h-1.3c-1.2 0-1.6.8-1.6 1.6V12h2.8l-.4 2.9h-2.3v7C18.3 21.1 22 17 22 12c0-5.5-4.5-10-10-10z\"><\/path><\/svg><span class=\"wp-block-social-link-label screen-reader-text\">chez lo et li FB<\/span><\/a><\/li>\n\n\n\n<li class=\"wp-social-link wp-social-link-instagram  wp-block-social-link\"><a rel=\"noopener nofollow\" target=\"_blank\" href=\"https:\/\/instagram.com\/chez_loetli?igshid=NGVhN2U2NjQ0Yg==\" class=\"wp-block-social-link-anchor\"><svg width=\"24\" height=\"24\" viewBox=\"0 0 24 24\" version=\"1.1\" xmlns=\"http:\/\/www.w3.org\/2000\/svg\" aria-hidden=\"true\" focusable=\"false\"><path d=\"M12,4.622c2.403,0,2.688,0.009,3.637,0.052c0.877,0.04,1.354,0.187,1.671,0.31c0.42,0.163,0.72,0.358,1.035,0.673 c0.315,0.315,0.51,0.615,0.673,1.035c0.123,0.317,0.27,0.794,0.31,1.671c0.043,0.949,0.052,1.234,0.052,3.637 s-0.009,2.688-0.052,3.637c-0.04,0.877-0.187,1.354-0.31,1.671c-0.163,0.42-0.358,0.72-0.673,1.035 c-0.315,0.315-0.615,0.51-1.035,0.673c-0.317,0.123-0.794,0.27-1.671,0.31c-0.949,0.043-1.233,0.052-3.637,0.052 s-2.688-0.009-3.637-0.052c-0.877-0.04-1.354-0.187-1.671-0.31c-0.42-0.163-0.72-0.358-1.035-0.673 c-0.315-0.315-0.51-0.615-0.673-1.035c-0.123-0.317-0.27-0.794-0.31-1.671C4.631,14.688,4.622,14.403,4.622,12 s0.009-2.688,0.052-3.637c0.04-0.877,0.187-1.354,0.31-1.671c0.163-0.42,0.358-0.72,0.673-1.035 c0.315-0.315,0.615-0.51,1.035-0.673c0.317-0.123,0.794-0.27,1.671-0.31C9.312,4.631,9.597,4.622,12,4.622 M12,3 C9.556,3,9.249,3.01,8.289,3.054C7.331,3.098,6.677,3.25,6.105,3.472C5.513,3.702,5.011,4.01,4.511,4.511 c-0.5,0.5-0.808,1.002-1.038,1.594C3.25,6.677,3.098,7.331,3.054,8.289C3.01,9.249,3,9.556,3,12c0,2.444,0.01,2.751,0.054,3.711 c0.044,0.958,0.196,1.612,0.418,2.185c0.23,0.592,0.538,1.094,1.038,1.594c0.5,0.5,1.002,0.808,1.594,1.038 c0.572,0.222,1.227,0.375,2.185,0.418C9.249,20.99,9.556,21,12,21s2.751-0.01,3.711-0.054c0.958-0.044,1.612-0.196,2.185-0.418 c0.592-0.23,1.094-0.538,1.594-1.038c0.5-0.5,0.808-1.002,1.038-1.594c0.222-0.572,0.375-1.227,0.418-2.185 C20.99,14.751,21,14.444,21,12s-0.01-2.751-0.054-3.711c-0.044-0.958-0.196-1.612-0.418-2.185c-0.23-0.592-0.538-1.094-1.038-1.594 c-0.5-0.5-1.002-0.808-1.594-1.038c-0.572-0.222-1.227-0.375-2.185-0.418C14.751,3.01,14.444,3,12,3L12,3z M12,7.378 c-2.552,0-4.622,2.069-4.622,4.622S9.448,16.622,12,16.622s4.622-2.069,4.622-4.622S14.552,7.378,12,7.378z M12,15 c-1.657,0-3-1.343-3-3s1.343-3,3-3s3,1.343,3,3S13.657,15,12,15z M16.804,6.116c-0.596,0-1.08,0.484-1.08,1.08 s0.484,1.08,1.08,1.08c0.596,0,1.08-0.484,1.08-1.08S17.401,6.116,16.804,6.116z\"><\/path><\/svg><span class=\"wp-block-social-link-label screen-reader-text\">Instagram<\/span><\/a><\/li><\/ul>\n\n\n\n<figure class=\"wp-block-gallery has-nested-images columns-default is-cropped wp-block-gallery-3 is-layout-flex wp-block-gallery-is-layout-flex\"><div class=\"wp-block-image\">\n<figure class=\"alignright size-full is-resized\"><img loading=\"lazy\" decoding=\"async\" width=\"610\" height=\"599\" data-id=\"172\" src=\"https:\/\/www.chezloetli.be\/wp-content\/uploads\/2023\/10\/logo-sans-fond-1.png\" alt=\"\" class=\"wp-image-172\" style=\"aspect-ratio:1;object-fit:cover;width:200px;height:undefinedpx\" srcset=\"https:\/\/www.chezloetli.be\/wp-content\/uploads\/2023\/10\/logo-sans-fond-1.png 610w, https:\/\/www.chezloetli.be\/wp-content\/uploads\/2023\/10\/logo-sans-fond-1-300x295.png 300w\" sizes=\"auto, (max-width: 610px) 100vw, 610px\" \/><\/figure><\/div><\/figure>\n","protected":false},"excerpt":{"rendered":"<p>Chez Lo et Li Vous n&rsquo;avez pas envie de cuisiner ou vous avez tout simplement envie d&rsquo;une pause sucr\u00e9e, un cadeau en derni\u00e8re minute ou un produit qui vous manque \u00e0 la maison. Nous avons LA solution!!! Depuis mi-octobre 2023 \u00e0 Poncelle, deux distributeurs alimentaires dont unique en Gaume des plats Tha\u00ef et un de produits non p\u00e9rissables sont install\u00e9s [&hellip;]<\/p>\n","protected":false},"author":1,"featured_media":0,"parent":0,"menu_order":0,"comment_status":"closed","ping_status":"closed","template":"","meta":{"footnotes":""},"class_list":["post-7","page","type-page","status-publish","hentry"],"yoast_head":"<!-- This site is optimized with the Yoast SEO plugin v26.2 - https:\/\/yoast.com\/wordpress\/plugins\/seo\/ -->\n<title>Home - Chez Lo et Li<\/title>\n<meta name=\"robots\" content=\"index, follow, max-snippet:-1, max-image-preview:large, max-video-preview:-1\" \/>\n<link rel=\"canonical\" href=\"https:\/\/www.chezloetli.be\/\" \/>\n<meta property=\"og:locale\" content=\"fr_FR\" \/>\n<meta property=\"og:type\" content=\"article\" \/>\n<meta property=\"og:title\" content=\"Home - Chez Lo et Li\" \/>\n<meta property=\"og:description\" content=\"Chez Lo et Li Vous n&rsquo;avez pas envie de cuisiner ou vous avez tout simplement envie d&rsquo;une pause sucr\u00e9e, un cadeau en derni\u00e8re minute ou un produit qui vous manque \u00e0 la maison. Nous avons LA solution!!! Depuis mi-octobre 2023 \u00e0 Poncelle, deux distributeurs alimentaires dont unique en Gaume des plats Tha\u00ef et un de produits non p\u00e9rissables sont install\u00e9s [&hellip;]\" \/>\n<meta property=\"og:url\" content=\"https:\/\/www.chezloetli.be\/\" \/>\n<meta property=\"og:site_name\" content=\"Chez Lo et Li\" \/>\n<meta property=\"article:publisher\" content=\"https:\/\/www.facebook.com\/profile.php?id=100090199385660&amp;locale=fr_FR\" \/>\n<meta property=\"article:modified_time\" content=\"2024-08-22T10:36:24+00:00\" \/>\n<meta property=\"og:image\" content=\"https:\/\/www.chezloetli.be\/wp-content\/uploads\/2023\/10\/terrasse-1-768x1024.png\" \/>\n<meta name=\"twitter:card\" content=\"summary_large_image\" \/>\n<meta name=\"twitter:label1\" content=\"Dur\u00e9e de lecture estim\u00e9e\" \/>\n\t<meta name=\"twitter:data1\" content=\"2 minutes\" \/>\n<script type=\"application\/ld+json\" class=\"yoast-schema-graph\">{\"@context\":\"https:\/\/schema.org\",\"@graph\":[{\"@type\":\"WebPage\",\"@id\":\"https:\/\/www.chezloetli.be\/\",\"url\":\"https:\/\/www.chezloetli.be\/\",\"name\":\"Home - Chez Lo et Li\",\"isPartOf\":{\"@id\":\"https:\/\/www.chezloetli.be\/#website\"},\"primaryImageOfPage\":{\"@id\":\"https:\/\/www.chezloetli.be\/#primaryimage\"},\"image\":{\"@id\":\"https:\/\/www.chezloetli.be\/#primaryimage\"},\"thumbnailUrl\":\"https:\/\/www.chezloetli.be\/wp-content\/uploads\/2023\/10\/terrasse-1-768x1024.png\",\"datePublished\":\"2023-09-26T10:46:05+00:00\",\"dateModified\":\"2024-08-22T10:36:24+00:00\",\"breadcrumb\":{\"@id\":\"https:\/\/www.chezloetli.be\/#breadcrumb\"},\"inLanguage\":\"fr-FR\",\"potentialAction\":[{\"@type\":\"ReadAction\",\"target\":[\"https:\/\/www.chezloetli.be\/\"]}]},{\"@type\":\"ImageObject\",\"inLanguage\":\"fr-FR\",\"@id\":\"https:\/\/www.chezloetli.be\/#primaryimage\",\"url\":\"https:\/\/www.chezloetli.be\/wp-content\/uploads\/2023\/10\/terrasse-1.png\",\"contentUrl\":\"https:\/\/www.chezloetli.be\/wp-content\/uploads\/2023\/10\/terrasse-1.png\",\"width\":3434,\"height\":4578},{\"@type\":\"BreadcrumbList\",\"@id\":\"https:\/\/www.chezloetli.be\/#breadcrumb\",\"itemListElement\":[{\"@type\":\"ListItem\",\"position\":1,\"name\":\"Accueil\",\"item\":\"https:\/\/www.chezloetli.be\/\"},{\"@type\":\"ListItem\",\"position\":2,\"name\":\"Home\"}]},{\"@type\":\"WebSite\",\"@id\":\"https:\/\/www.chezloetli.be\/#website\",\"url\":\"https:\/\/www.chezloetli.be\/\",\"name\":\"Chez Lo et Li\",\"description\":\"Quand la nature vous propose ses produits locaux\",\"publisher\":{\"@id\":\"https:\/\/www.chezloetli.be\/#organization\"},\"potentialAction\":[{\"@type\":\"SearchAction\",\"target\":{\"@type\":\"EntryPoint\",\"urlTemplate\":\"https:\/\/www.chezloetli.be\/?s={search_term_string}\"},\"query-input\":{\"@type\":\"PropertyValueSpecification\",\"valueRequired\":true,\"valueName\":\"search_term_string\"}}],\"inLanguage\":\"fr-FR\"},{\"@type\":\"Organization\",\"@id\":\"https:\/\/www.chezloetli.be\/#organization\",\"name\":\"Chez Lo et Li\",\"url\":\"https:\/\/www.chezloetli.be\/\",\"logo\":{\"@type\":\"ImageObject\",\"inLanguage\":\"fr-FR\",\"@id\":\"https:\/\/www.chezloetli.be\/#\/schema\/logo\/image\/\",\"url\":\"https:\/\/www.chezloetli.be\/wp-content\/uploads\/2023\/10\/cropped-Chez-Lo-et-Li-Logo-Fond-blanc-VECT-1.png\",\"contentUrl\":\"https:\/\/www.chezloetli.be\/wp-content\/uploads\/2023\/10\/cropped-Chez-Lo-et-Li-Logo-Fond-blanc-VECT-1.png\",\"width\":448,\"height\":250,\"caption\":\"Chez Lo et Li\"},\"image\":{\"@id\":\"https:\/\/www.chezloetli.be\/#\/schema\/logo\/image\/\"},\"sameAs\":[\"https:\/\/www.facebook.com\/profile.php?id=100090199385660&locale=fr_FR\"]}]}<\/script>\n<!-- \/ Yoast SEO plugin. -->","yoast_head_json":{"title":"Home - Chez Lo et Li","robots":{"index":"index","follow":"follow","max-snippet":"max-snippet:-1","max-image-preview":"max-image-preview:large","max-video-preview":"max-video-preview:-1"},"canonical":"https:\/\/www.chezloetli.be\/","og_locale":"fr_FR","og_type":"article","og_title":"Home - Chez Lo et Li","og_description":"Chez Lo et Li Vous n&rsquo;avez pas envie de cuisiner ou vous avez tout simplement envie d&rsquo;une pause sucr\u00e9e, un cadeau en derni\u00e8re minute ou un produit qui vous manque \u00e0 la maison. Nous avons LA solution!!! Depuis mi-octobre 2023 \u00e0 Poncelle, deux distributeurs alimentaires dont unique en Gaume des plats Tha\u00ef et un de produits non p\u00e9rissables sont install\u00e9s [&hellip;]","og_url":"https:\/\/www.chezloetli.be\/","og_site_name":"Chez Lo et Li","article_publisher":"https:\/\/www.facebook.com\/profile.php?id=100090199385660&locale=fr_FR","article_modified_time":"2024-08-22T10:36:24+00:00","og_image":[{"url":"https:\/\/www.chezloetli.be\/wp-content\/uploads\/2023\/10\/terrasse-1-768x1024.png","type":"","width":"","height":""}],"twitter_card":"summary_large_image","twitter_misc":{"Dur\u00e9e de lecture estim\u00e9e":"2 minutes"},"schema":{"@context":"https:\/\/schema.org","@graph":[{"@type":"WebPage","@id":"https:\/\/www.chezloetli.be\/","url":"https:\/\/www.chezloetli.be\/","name":"Home - Chez Lo et Li","isPartOf":{"@id":"https:\/\/www.chezloetli.be\/#website"},"primaryImageOfPage":{"@id":"https:\/\/www.chezloetli.be\/#primaryimage"},"image":{"@id":"https:\/\/www.chezloetli.be\/#primaryimage"},"thumbnailUrl":"https:\/\/www.chezloetli.be\/wp-content\/uploads\/2023\/10\/terrasse-1-768x1024.png","datePublished":"2023-09-26T10:46:05+00:00","dateModified":"2024-08-22T10:36:24+00:00","breadcrumb":{"@id":"https:\/\/www.chezloetli.be\/#breadcrumb"},"inLanguage":"fr-FR","potentialAction":[{"@type":"ReadAction","target":["https:\/\/www.chezloetli.be\/"]}]},{"@type":"ImageObject","inLanguage":"fr-FR","@id":"https:\/\/www.chezloetli.be\/#primaryimage","url":"https:\/\/www.chezloetli.be\/wp-content\/uploads\/2023\/10\/terrasse-1.png","contentUrl":"https:\/\/www.chezloetli.be\/wp-content\/uploads\/2023\/10\/terrasse-1.png","width":3434,"height":4578},{"@type":"BreadcrumbList","@id":"https:\/\/www.chezloetli.be\/#breadcrumb","itemListElement":[{"@type":"ListItem","position":1,"name":"Accueil","item":"https:\/\/www.chezloetli.be\/"},{"@type":"ListItem","position":2,"name":"Home"}]},{"@type":"WebSite","@id":"https:\/\/www.chezloetli.be\/#website","url":"https:\/\/www.chezloetli.be\/","name":"Chez Lo et Li","description":"Quand la nature vous propose ses produits locaux","publisher":{"@id":"https:\/\/www.chezloetli.be\/#organization"},"potentialAction":[{"@type":"SearchAction","target":{"@type":"EntryPoint","urlTemplate":"https:\/\/www.chezloetli.be\/?s={search_term_string}"},"query-input":{"@type":"PropertyValueSpecification","valueRequired":true,"valueName":"search_term_string"}}],"inLanguage":"fr-FR"},{"@type":"Organization","@id":"https:\/\/www.chezloetli.be\/#organization","name":"Chez Lo et Li","url":"https:\/\/www.chezloetli.be\/","logo":{"@type":"ImageObject","inLanguage":"fr-FR","@id":"https:\/\/www.chezloetli.be\/#\/schema\/logo\/image\/","url":"https:\/\/www.chezloetli.be\/wp-content\/uploads\/2023\/10\/cropped-Chez-Lo-et-Li-Logo-Fond-blanc-VECT-1.png","contentUrl":"https:\/\/www.chezloetli.be\/wp-content\/uploads\/2023\/10\/cropped-Chez-Lo-et-Li-Logo-Fond-blanc-VECT-1.png","width":448,"height":250,"caption":"Chez Lo et Li"},"image":{"@id":"https:\/\/www.chezloetli.be\/#\/schema\/logo\/image\/"},"sameAs":["https:\/\/www.facebook.com\/profile.php?id=100090199385660&locale=fr_FR"]}]}},"_links":{"self":[{"href":"https:\/\/www.chezloetli.be\/index.php\/wp-json\/wp\/v2\/pages\/7","targetHints":{"allow":["GET"]}}],"collection":[{"href":"https:\/\/www.chezloetli.be\/index.php\/wp-json\/wp\/v2\/pages"}],"about":[{"href":"https:\/\/www.chezloetli.be\/index.php\/wp-json\/wp\/v2\/types\/page"}],"author":[{"embeddable":true,"href":"https:\/\/www.chezloetli.be\/index.php\/wp-json\/wp\/v2\/users\/1"}],"replies":[{"embeddable":true,"href":"https:\/\/www.chezloetli.be\/index.php\/wp-json\/wp\/v2\/comments?post=7"}],"version-history":[{"count":36,"href":"https:\/\/www.chezloetli.be\/index.php\/wp-json\/wp\/v2\/pages\/7\/revisions"}],"predecessor-version":[{"id":436,"href":"https:\/\/www.chezloetli.be\/index.php\/wp-json\/wp\/v2\/pages\/7\/revisions\/436"}],"wp:attachment":[{"href":"https:\/\/www.chezloetli.be\/index.php\/wp-json\/wp\/v2\/media?parent=7"}],"curies":[{"name":"wp","href":"https:\/\/api.w.org\/{rel}","templated":true}]}}